{"id":95,"date":"2014-07-15T09:03:19","date_gmt":"2014-07-15T07:03:19","guid":{"rendered":"http:\/\/www.sigriddenk.at\/?page_id=95"},"modified":"2020-06-01T19:23:45","modified_gmt":"2020-06-01T17:23:45","slug":"start2","status":"publish","type":"page","link":"https:\/\/www.sigriddenk.at\/","title":{"rendered":"Start"},"content":{"rendered":"<div class=\"csRow\">\n<div class=\"csColumnGap\" style=\"margin: 0px; padding: 0px; float: left; width: 1.56%;\"><\/div>\n<div class=\"csColumn\" style=\"margin: 0px; padding: 0px; float: left; width: 47.7%;\" data-csid=\"11a5b047-2d51-0a0a-b879-fe029f49c14f\" data-cswidth=\"47.7%\" data-csendpoint=\"472.4999987011719\" data-csstartpoint=\"14.999998701171876\"><\/div>\n<div class=\"csColumnGap\" style=\"margin: 0px; padding: 0px; float: left; width: 1.56%;\"><\/div>\n<div class=\"csColumn\" style=\"margin: 0px; padding: 0px; float: left; width: 47.7%;\" data-csid=\"e8c566ff-2846-488b-b6d1-05279f7a8454\" data-cswidth=\"47.7%\" data-csendpoint=\"945.00002921875\" data-csstartpoint=\"487.50002921875\"><\/div>\n<div class=\"csColumnGap\" style=\"margin: 0px; padding: 0px; float: left; width: 1.56%;\"><\/div>\n<div style=\"clear: both; float: none; display: block; visibility: hidden; width: 0px; font-size: 0px; line-height: 0;\"><\/div>\n<\/div>\n<div class=\"csRow\">\n<div class=\"csColumnGap\" style=\"margin: 0px; padding: 0px; float: left; width: 1.15%;\"><\/div>\n<div class=\"csColumn\" style=\"margin: 0px; padding: 0px; float: left; width: 24.4%;\" data-csid=\"f10d49d1-0fea-f0ee-bb90-b1547d72b9f6\" data-cswidth=\"24.4%\" data-csendpoint=\"244.99999870117188\" data-csstartpoint=\"10.999998701171876\">\n<p><a href=\"http:\/\/www.sigriddenk.at\/wp-content\/uploads\/2014\/06\/kopf_text.jpg\"><img loading=\"lazy\" decoding=\"async\" class=\"alignleft size-full wp-image-79\" src=\"http:\/\/www.sigriddenk.at\/wp-content\/uploads\/2014\/06\/kopf_text.jpg\" alt=\"kopf_text\" width=\"206\" height=\"504\" \/><\/a><\/p>\n<\/div>\n<div class=\"csColumnGap\" style=\"margin: 0px; padding: 0px; float: left; width: 2.71%;\"><\/div>\n<div class=\"csColumn\" style=\"margin: 0px; padding: 0px; float: left; width: 61.6%;\" data-csid=\"01e4a328-a55f-28d7-8599-39dc2b8f1bec\" data-cswidth=\"61.6%\" data-csendpoint=\"862.00002921875\" data-csstartpoint=\"270.9999987011719\">\n<p><span style=\"font-size: 14pt; color: #008000;\">Die Zeitspanne des Lebens ist die gleiche<\/span><br \/>\n<span style=\"font-size: 14pt; color: #008000;\"> ob man sie lachend oder weinend verbringt.<\/span><br \/>\n<span style=\"font-size: 14pt; color: #008000;\"> Jeder hat die Wahl das selbst zu entscheiden.<\/span><\/p>\n<p><span style=\"font-size: 14pt;\">Menschen, die sich mir anvertrauen, kann ich ein St\u00fcck<\/span><br \/>\n<span style=\"font-size: 14pt;\"> begleiten damit die Selbstheilungskr\u00e4fte angeregt werden<\/span><br \/>\n<span style=\"font-size: 14pt;\"> und die Leichtigkeit des Lebens wieder zu sp\u00fcren ist.<\/span><\/p>\n<p><span style=\"font-size: 14pt; color: #008000;\">Energtische Arbeit f\u00f6rdert die Selbstheilungskr\u00e4fte. Sie ersetzt<\/span><br \/>\n<span style=\"font-size: 14pt; color: #008000;\"> auf keinen Fall Medikamente und den Besuch beim Arzt!<\/span><\/p>\n<\/div>\n<div class=\"csColumnGap\" style=\"margin: 0px; padding: 0px; float: left; width: 10.2%;\"><\/div>\n<div style=\"clear: both; float: none; display: block; visibility: hidden; width: 0px; font-size: 0px; line-height: 0;\"><\/div>\n<\/div>\n<p><br class=\"nc\" \/><br class=\"nc\" \/><br class=\"nc\" \/><br class=\"nc\" \/><br class=\"nc\" \/><br class=\"nc\" \/><\/p>\n","protected":false},"excerpt":{"rendered":"<p>Die Zeitspanne des Lebens ist die gleiche ob man sie lachend oder weinend verbringt. Jeder hat die Wahl das selbst zu entscheiden. Menschen, die sich mir anvertrauen, kann ich ein St\u00fcck begleiten damit die Selbstheilungskr\u00e4fte angeregt werden und die Leichtigkeit des Lebens wieder zu sp\u00fcren ist. Energtische Arbeit f\u00f6rdert die&#8230;<\/p>\n","protected":false},"author":1,"featured_media":0,"parent":0,"menu_order":0,"comment_status":"closed","ping_status":"open","template":"","meta":{"footnotes":""},"class_list":["post-95","page","type-page","status-publish","hentry"],"_links":{"self":[{"href":"https:\/\/www.sigriddenk.at\/index.php?rest_route=\/wp\/v2\/pages\/95","targetHints":{"allow":["GET"]}}],"collection":[{"href":"https:\/\/www.sigriddenk.at\/index.php?rest_route=\/wp\/v2\/pages"}],"about":[{"href":"https:\/\/www.sigriddenk.at\/index.php?rest_route=\/wp\/v2\/types\/page"}],"author":[{"embeddable":true,"href":"https:\/\/www.sigriddenk.at\/index.php?rest_route=\/wp\/v2\/users\/1"}],"replies":[{"embeddable":true,"href":"https:\/\/www.sigriddenk.at\/index.php?rest_route=%2Fwp%2Fv2%2Fcomments&post=95"}],"version-history":[{"count":10,"href":"https:\/\/www.sigriddenk.at\/index.php?rest_route=\/wp\/v2\/pages\/95\/revisions"}],"predecessor-version":[{"id":156,"href":"https:\/\/www.sigriddenk.at\/index.php?rest_route=\/wp\/v2\/pages\/95\/revisions\/156"}],"wp:attachment":[{"href":"https:\/\/www.sigriddenk.at\/index.php?rest_route=%2Fwp%2Fv2%2Fmedia&parent=95"}],"curies":[{"name":"wp","href":"https:\/\/api.w.org\/{rel}","templated":true}]}}