{"id":110,"date":"2014-07-15T09:33:48","date_gmt":"2014-07-15T07:33:48","guid":{"rendered":"http:\/\/www.sigriddenk.at\/?page_id=110"},"modified":"2020-06-01T19:23:45","modified_gmt":"2020-06-01T17:23:45","slug":"radionik","status":"publish","type":"page","link":"https:\/\/www.sigriddenk.at\/?page_id=110","title":{"rendered":"Radionik"},"content":{"rendered":"<div class=\"csRow\">\n<div class=\"csColumn\" style=\"margin: 0px; padding: 0px; float: left; width: 47.7%;\" data-csid=\"e8c566ff-2846-488b-b6d1-05279f7a8454\" data-cswidth=\"47.7%\" data-csendpoint=\"945.00002921875\" data-csstartpoint=\"487.50002921875\"><\/div>\n<div style=\"clear: both; float: none; display: block; visibility: hidden; width: 0px; font-size: 0px; line-height: 0;\"><\/div>\n<\/div>\n<div class=\"csRow\">\n<div class=\"csColumn\" style=\"margin: 0px; padding: 0px; float: left; width: 24.4%;\" data-csid=\"f10d49d1-0fea-f0ee-bb90-b1547d72b9f6\" data-cswidth=\"24.4%\" data-csendpoint=\"241.99999870117188\" data-csstartpoint=\"7.999998701171876\">\n<p><a href=\"http:\/\/www.sigriddenk.at\/wp-content\/uploads\/2014\/07\/kopf_text2.jpg\"><img loading=\"lazy\" decoding=\"async\" class=\"alignleft size-full wp-image-90\" src=\"http:\/\/www.sigriddenk.at\/wp-content\/uploads\/2014\/07\/kopf_text2.jpg\" alt=\"kopf_text2\" width=\"206\" height=\"504\" \/><\/a><\/p>\n<\/div>\n<div class=\"csColumn\" style=\"margin: 0px; padding: 0px; float: left; width: 61.9%;\" data-csid=\"01e4a328-a55f-28d7-8599-39dc2b8f1bec\" data-cswidth=\"61.9%\" data-csendpoint=\"862.00002921875\" data-csstartpoint=\"267.9999987011719\">\n<p><span style=\"color: #008000;\">CellCom Radionik und Cell Communication<\/span> sind zwei Wege eines biophysikalischen, computergest\u00fctzten Regulationsverfahrens, mit dessen Hilfe aktuelle Belastungen und Disharmonien analysiert, dokumentiert und harmonisiert werden k\u00f6nnen.<\/p>\n<p>Bei dieser Methode geht es um die optimale Aktivierung der Selbstheilungskr\u00e4fte. \u00dcber einen K\u00f6rpercheck werden Blockaden an den Energiebahnen (Meridiane), in den Organen und in der Psyche getestet. Durch ein gezieltes therapeutisches Konzept werden St\u00f6rungen beseitigt. Belastung mit Alltagsgiften und Schlackendepots im K\u00f6rper k\u00f6nnen gemessen und mit modernsten Methoden ausgeleitet werden. Im Rahmen der biochemischen Komponente werden M\u00e4ngel im K\u00f6rper festgestellt und ausgeglichen. Wichtiger denn je, wird auch auf die psychische Komponente eingegangen und mit aufdeckenden und systemischen Verfahren gearbeitet.<\/p>\n<p>Jedes Teilsystem im K\u00f6rper hat seine eigene Frequenz. Im gesunden Zustand laufen die Frequenzen harmonisch und sind untereinander abgestimmt. Ist der K\u00f6rper aus dem Gleichgewicht, also krank, sind die Frequenzen gest\u00f6rt.<\/p>\n<p>Durch die \u00dcbertragung neuer Schwingungsmuster mittels k\u00f6rpereigener Frequenzen wird eine Blockadenl\u00f6sung samt Neustrukturierung erm\u00f6glicht.<\/p>\n<\/div>\n<div style=\"clear: both; float: none; display: block; visibility: hidden; width: 0px; font-size: 0px; line-height: 0;\"><\/div>\n<\/div>\n<p><br class=\"nc\" \/><br class=\"nc\" \/><br class=\"nc\" \/><br class=\"nc\" \/><br class=\"nc\" \/><br class=\"nc\" \/><br class=\"nc\" \/><br class=\"nc\" \/><br class=\"nc\" \/><\/p>\n","protected":false},"excerpt":{"rendered":"<p>CellCom Radionik und Cell Communication sind zwei Wege eines biophysikalischen, computergest\u00fctzten Regulationsverfahrens, mit dessen Hilfe aktuelle Belastungen und Disharmonien analysiert, dokumentiert und harmonisiert werden k\u00f6nnen. Bei dieser Methode geht es um die optimale Aktivierung der Selbstheilungskr\u00e4fte. \u00dcber einen K\u00f6rpercheck werden Blockaden an den Energiebahnen (Meridiane), in den Organen und in&#8230;<\/p>\n","protected":false},"author":1,"featured_media":0,"parent":0,"menu_order":0,"comment_status":"closed","ping_status":"open","template":"","meta":{"footnotes":""},"class_list":["post-110","page","type-page","status-publish","hentry"],"_links":{"self":[{"href":"https:\/\/www.sigriddenk.at\/index.php?rest_route=\/wp\/v2\/pages\/110","targetHints":{"allow":["GET"]}}],"collection":[{"href":"https:\/\/www.sigriddenk.at\/index.php?rest_route=\/wp\/v2\/pages"}],"about":[{"href":"https:\/\/www.sigriddenk.at\/index.php?rest_route=\/wp\/v2\/types\/page"}],"author":[{"embeddable":true,"href":"https:\/\/www.sigriddenk.at\/index.php?rest_route=\/wp\/v2\/users\/1"}],"replies":[{"embeddable":true,"href":"https:\/\/www.sigriddenk.at\/index.php?rest_route=%2Fwp%2Fv2%2Fcomments&post=110"}],"version-history":[{"count":2,"href":"https:\/\/www.sigriddenk.at\/index.php?rest_route=\/wp\/v2\/pages\/110\/revisions"}],"predecessor-version":[{"id":151,"href":"https:\/\/www.sigriddenk.at\/index.php?rest_route=\/wp\/v2\/pages\/110\/revisions\/151"}],"wp:attachment":[{"href":"https:\/\/www.sigriddenk.at\/index.php?rest_route=%2Fwp%2Fv2%2Fmedia&parent=110"}],"curies":[{"name":"wp","href":"https:\/\/api.w.org\/{rel}","templated":true}]}}