{"id":108,"date":"2014-07-15T09:30:26","date_gmt":"2014-07-15T07:30:26","guid":{"rendered":"http:\/\/www.sigriddenk.at\/?page_id=108"},"modified":"2020-06-01T19:23:45","modified_gmt":"2020-06-01T17:23:45","slug":"holistic-pulsing","status":"publish","type":"page","link":"https:\/\/www.sigriddenk.at\/?page_id=108","title":{"rendered":"Holistic Pulsing"},"content":{"rendered":"<div class=\"csRow\">\n<div class=\"csColumn\" style=\"margin: 0px; padding: 0px; float: left; width: 47.7%;\" data-csid=\"e8c566ff-2846-488b-b6d1-05279f7a8454\" data-cswidth=\"47.7%\" data-csendpoint=\"945.00002921875\" data-csstartpoint=\"487.50002921875\"><\/div>\n<div style=\"clear: both; float: none; display: block; visibility: hidden; width: 0px; font-size: 0px; line-height: 0;\"><\/div>\n<\/div>\n<div class=\"csRow\">\n<div class=\"csColumn\" style=\"margin: 0px; padding: 0px; float: left; width: 24.4%;\" data-csid=\"f10d49d1-0fea-f0ee-bb90-b1547d72b9f6\" data-cswidth=\"24.4%\" data-csendpoint=\"242.99999870117188\" data-csstartpoint=\"8.999998701171876\">\n<p><a href=\"http:\/\/www.sigriddenk.at\/wp-content\/uploads\/2014\/07\/kopf_text2.jpg\"><img loading=\"lazy\" decoding=\"async\" class=\"alignleft size-full wp-image-90\" src=\"http:\/\/www.sigriddenk.at\/wp-content\/uploads\/2014\/07\/kopf_text2.jpg\" alt=\"kopf_text2\" width=\"206\" height=\"504\" \/><\/a><\/p>\n<\/div>\n<div class=\"csColumn\" style=\"margin: 0px; padding: 0px; float: left; width: 61.8%;\" data-csid=\"01e4a328-a55f-28d7-8599-39dc2b8f1bec\" data-cswidth=\"61.8%\" data-csendpoint=\"862.00002921875\" data-csstartpoint=\"268.9999987011719\">\n<p><span style=\"color: #008000;\">Holistic Pulsing<\/span> ist eine sanft ausgef\u00fchrte, intensiv wirkende, manuell-energetische Methode. W\u00e4hrend einer Sitzung wird der K\u00f6rper durch gezielt gesetzte Griffe in leichte Schwingungen versetzt, die vom Kopf bis zu den F\u00fc\u00dfen wirken und zu einer tiefen Entspannung f\u00fchren. Dieser Rhythmus entspricht dem Herzschlag eines Ungeborenen und erinnert den K\u00f6rper an das sanfte Wiegen im Mutterleib. Die urspr\u00fcnglichen gesunden Lebensprogramme, die in unseren Zellen gespeichert sind werden reaktiviert, zur Entfaltung gebracht. Dies bildet die Grundlage f\u00fcr eine L\u00f6sung k\u00f6rperlicher und seelischer Blockaden.<\/p>\n<p>Holistic Pulsing ist eine ganzheitliche Ber\u00fchrungsmethode, die auf k\u00f6rperlicher, geistiger und seelischer Ebene wirkt. In der Tiefenentspannung, durch die wiegenden, sanften Bewegungen und die achtsame Zuwendung wird das sch\u00f6ne Gef\u00fchl des \u201eZuhause seins\u201c im eigenen K\u00f6rper wiederentdeckt und eine begl\u00fcckende Leichtigkeit sp\u00fcrbar. Diese Geborgenheit in sich selbst klingt lange nach der Sitzung nach und leitet so den Wandlungsprozess ein.<br \/>\nDas Besondere am Holistic Pusing ist die Absichtslosigkeit. Es muss nichts erreicht werden, es darf sich aber alles \u00e4ndern.<\/p>\n<h2><span style=\"color: #cc99ff;\">Zur Behandlung:<\/span><\/h2>\n<p>Gepulst wird in vollst\u00e4ndiger Kleidung, je nach pers\u00f6nlichem Wunsch in R\u00fccken-, Bauch oder Seitenlage. Es empfiehlt sich bequeme Baumwollkleidung und Socken mitzubringen. Entspannende Musik verst\u00e4rkt die Wirkung der pulsierenden Ber\u00fchrung.<br \/>\nEine Sitzung dauert ca. 60 Minuten inkl. Nachruhezeit.<\/p>\n<p>Termine nach telefonischer Vereinbarung.<\/p>\n<\/div>\n<div style=\"clear: both; float: none; display: block; visibility: hidden; width: 0px; font-size: 0px; line-height: 0;\"><\/div>\n<\/div>\n<p><br class=\"nc\" \/><br class=\"nc\" \/><br class=\"nc\" \/><br class=\"nc\" \/><br class=\"nc\" \/><br class=\"nc\" \/><br class=\"nc\" \/><br class=\"nc\" \/><\/p>\n","protected":false},"excerpt":{"rendered":"<p>Holistic Pulsing ist eine sanft ausgef\u00fchrte, intensiv wirkende, manuell-energetische Methode. W\u00e4hrend einer Sitzung wird der K\u00f6rper durch gezielt gesetzte Griffe in leichte Schwingungen versetzt, die vom Kopf bis zu den F\u00fc\u00dfen wirken und zu einer tiefen Entspannung f\u00fchren. Dieser Rhythmus entspricht dem Herzschlag eines Ungeborenen und erinnert den K\u00f6rper an&#8230;<\/p>\n","protected":false},"author":1,"featured_media":0,"parent":0,"menu_order":0,"comment_status":"closed","ping_status":"open","template":"","meta":{"footnotes":""},"class_list":["post-108","page","type-page","status-publish","hentry"],"_links":{"self":[{"href":"https:\/\/www.sigriddenk.at\/index.php?rest_route=\/wp\/v2\/pages\/108","targetHints":{"allow":["GET"]}}],"collection":[{"href":"https:\/\/www.sigriddenk.at\/index.php?rest_route=\/wp\/v2\/pages"}],"about":[{"href":"https:\/\/www.sigriddenk.at\/index.php?rest_route=\/wp\/v2\/types\/page"}],"author":[{"embeddable":true,"href":"https:\/\/www.sigriddenk.at\/index.php?rest_route=\/wp\/v2\/users\/1"}],"replies":[{"embeddable":true,"href":"https:\/\/www.sigriddenk.at\/index.php?rest_route=%2Fwp%2Fv2%2Fcomments&post=108"}],"version-history":[{"count":3,"href":"https:\/\/www.sigriddenk.at\/index.php?rest_route=\/wp\/v2\/pages\/108\/revisions"}],"predecessor-version":[{"id":158,"href":"https:\/\/www.sigriddenk.at\/index.php?rest_route=\/wp\/v2\/pages\/108\/revisions\/158"}],"wp:attachment":[{"href":"https:\/\/www.sigriddenk.at\/index.php?rest_route=%2Fwp%2Fv2%2Fmedia&parent=108"}],"curies":[{"name":"wp","href":"https:\/\/api.w.org\/{rel}","templated":true}]}}