{"id":105,"date":"2014-07-15T09:28:28","date_gmt":"2014-07-15T07:28:28","guid":{"rendered":"http:\/\/www.sigriddenk.at\/?page_id=105"},"modified":"2020-06-01T19:23:45","modified_gmt":"2020-06-01T17:23:45","slug":"wirkung-anwendung","status":"publish","type":"page","link":"https:\/\/www.sigriddenk.at\/?page_id=105","title":{"rendered":"Wirkung &#038; Anwendung"},"content":{"rendered":"<div class=\"csRow\">\n<div class=\"csColumnGap\" style=\"margin: 0px; padding: 0px; float: left; width: 1.56%;\"><\/div>\n<div class=\"csColumn\" style=\"margin: 0px; padding: 0px; float: left; width: 47.7%;\" data-csid=\"e8c566ff-2846-488b-b6d1-05279f7a8454\" data-cswidth=\"47.7%\" data-csendpoint=\"945.00002921875\" data-csstartpoint=\"487.50002921875\"><\/div>\n<div style=\"clear: both; float: none; display: block; visibility: hidden; width: 0px; font-size: 0px; line-height: 0;\"><\/div>\n<\/div>\n<div class=\"csRow\">\n<div class=\"csColumn\" style=\"margin: 0px; padding: 0px; float: left; width: 24.4%;\" data-csid=\"f10d49d1-0fea-f0ee-bb90-b1547d72b9f6\" data-cswidth=\"24.4%\" data-csendpoint=\"240.99999870117188\" data-csstartpoint=\"6.999998701171876\">\n<p><a href=\"http:\/\/www.sigriddenk.at\/wp-content\/uploads\/2014\/07\/kopf_text3.jpg\"><img loading=\"lazy\" decoding=\"async\" class=\"alignleft size-full wp-image-115\" src=\"http:\/\/www.sigriddenk.at\/wp-content\/uploads\/2014\/07\/kopf_text3.jpg\" alt=\"kopf_text3\" width=\"206\" height=\"504\" \/><\/a><\/p>\n<\/div>\n<div class=\"csColumn\" style=\"margin: 0px; padding: 0px; float: left; width: 62%;\" data-csid=\"01e4a328-a55f-28d7-8599-39dc2b8f1bec\" data-cswidth=\"62.0%\" data-csendpoint=\"862.00002921875\" data-csstartpoint=\"266.9999987011719\">\n<h3><span style=\"color: #cc99ff;\">F\u00fcr Erwachsene<\/span><\/h3>\n<ul>\n<li>Atemwegserkrankungen, Allergien, Heuschnupfen, Asthma, Bronchitis<\/li>\n<li>Kopfschmerzen und Migr\u00e4ne<\/li>\n<li>Stress-, Ersch\u00f6pfungszust\u00e4nde und Burnout<\/li>\n<li>Schlafproblemen oder depressiven Verstimmungen<\/li>\n<li>Verspannungen und Schmerzen des Bewegungsapparates<\/li>\n<li>Schwangerschaft, Geburtsvorbereitung und Kinderwunsch<\/li>\n<li>F\u00f6rderung der Verdauung<\/li>\n<li>Blutdruckregulierung<\/li>\n<li>Menstruations- und gyn\u00e4kologischen Beschwerden, besonders auch w\u00e4hrend des Wechsels<\/li>\n<li>Bei akuten und chronischen psychosomatischen Beschwerden<\/li>\n<li>Narbenentst\u00f6rungen<\/li>\n<\/ul>\n<h3><span style=\"color: #cc99ff;\">F\u00fcr Kinder<\/span><\/h3>\n<p>In meiner Praxis sind Kinder herzlich willkommen! Kinder sprechen sehr gut auf Radionik und Holistic Pulsing an, da ihr Energiesystem besonders rasch reagiert.<\/p>\n<ul>\n<li>Unterst\u00fctzung bei Lern- und Konzentrationsschw\u00e4che<\/li>\n<li>Hyperaktivit\u00e4t<\/li>\n<li>Essst\u00f6rungen<\/li>\n<li>Bettn\u00e4ssen<\/li>\n<li>Entwicklungsst\u00f6rungen, Wachstumsschmerzen<\/li>\n<li>Nervosit\u00e4t sowie Ein- und Durchschlafst\u00f6rungen<\/li>\n<li>St\u00e4rkung des Selbstbewusstseins<\/li>\n<li>Unterst\u00fctzung des Immunsystems<\/li>\n<\/ul>\n<\/div>\n<div style=\"clear: both; float: none; display: block; visibility: hidden; width: 0px; font-size: 0px; line-height: 0;\"><\/div>\n<\/div>\n<p><br class=\"nc\" \/><br class=\"nc\" \/><br class=\"nc\" \/><br class=\"nc\" \/><br class=\"nc\" \/><br class=\"nc\" \/><br class=\"nc\" \/><br class=\"nc\" \/><br class=\"nc\" \/><br class=\"nc\" \/><\/p>\n","protected":false},"excerpt":{"rendered":"<p>F\u00fcr Erwachsene Atemwegserkrankungen, Allergien, Heuschnupfen, Asthma, Bronchitis Kopfschmerzen und Migr\u00e4ne Stress-, Ersch\u00f6pfungszust\u00e4nde und Burnout Schlafproblemen oder depressiven Verstimmungen Verspannungen und Schmerzen des Bewegungsapparates Schwangerschaft, Geburtsvorbereitung und Kinderwunsch F\u00f6rderung der Verdauung Blutdruckregulierung Menstruations- und gyn\u00e4kologischen Beschwerden, besonders auch w\u00e4hrend des Wechsels Bei akuten und chronischen psychosomatischen Beschwerden Narbenentst\u00f6rungen F\u00fcr Kinder In&#8230;<\/p>\n","protected":false},"author":1,"featured_media":0,"parent":0,"menu_order":0,"comment_status":"closed","ping_status":"open","template":"","meta":{"footnotes":""},"class_list":["post-105","page","type-page","status-publish","hentry"],"_links":{"self":[{"href":"https:\/\/www.sigriddenk.at\/index.php?rest_route=\/wp\/v2\/pages\/105","targetHints":{"allow":["GET"]}}],"collection":[{"href":"https:\/\/www.sigriddenk.at\/index.php?rest_route=\/wp\/v2\/pages"}],"about":[{"href":"https:\/\/www.sigriddenk.at\/index.php?rest_route=\/wp\/v2\/types\/page"}],"author":[{"embeddable":true,"href":"https:\/\/www.sigriddenk.at\/index.php?rest_route=\/wp\/v2\/users\/1"}],"replies":[{"embeddable":true,"href":"https:\/\/www.sigriddenk.at\/index.php?rest_route=%2Fwp%2Fv2%2Fcomments&post=105"}],"version-history":[{"count":10,"href":"https:\/\/www.sigriddenk.at\/index.php?rest_route=\/wp\/v2\/pages\/105\/revisions"}],"predecessor-version":[{"id":157,"href":"https:\/\/www.sigriddenk.at\/index.php?rest_route=\/wp\/v2\/pages\/105\/revisions\/157"}],"wp:attachment":[{"href":"https:\/\/www.sigriddenk.at\/index.php?rest_route=%2Fwp%2Fv2%2Fmedia&parent=105"}],"curies":[{"name":"wp","href":"https:\/\/api.w.org\/{rel}","templated":true}]}}