{"id":102,"date":"2014-07-15T09:18:14","date_gmt":"2014-07-15T07:18:14","guid":{"rendered":"http:\/\/www.sigriddenk.at\/?page_id=102"},"modified":"2020-06-01T19:23:45","modified_gmt":"2020-06-01T17:23:45","slug":"ueber2","status":"publish","type":"page","link":"https:\/\/www.sigriddenk.at\/?page_id=102","title":{"rendered":"\u00dcber mich"},"content":{"rendered":"<div class=\"csRow\">\n<div class=\"csColumn\" style=\"margin: 0px; padding: 0px; float: left; width: 47.7%;\" data-csid=\"e8c566ff-2846-488b-b6d1-05279f7a8454\" data-cswidth=\"47.7%\" data-csendpoint=\"945.00002921875\" data-csstartpoint=\"487.50002921875\"><\/div>\n<div style=\"clear: both; float: none; display: block; visibility: hidden; width: 0px; font-size: 0px; line-height: 0;\"><\/div>\n<\/div>\n<div class=\"csRow\">\n<div class=\"csColumn\" style=\"margin: 0px; padding: 0px; float: left; width: 24.4%;\" data-csid=\"f10d49d1-0fea-f0ee-bb90-b1547d72b9f6\" data-cswidth=\"24.4%\" data-csendpoint=\"243.99999870117188\" data-csstartpoint=\"9.999998701171876\">\n<p><a href=\"http:\/\/www.sigriddenk.at\/wp-content\/uploads\/2014\/06\/kopf_text.jpg\"><img loading=\"lazy\" decoding=\"async\" class=\"alignleft size-full wp-image-79\" src=\"http:\/\/www.sigriddenk.at\/wp-content\/uploads\/2014\/06\/kopf_text.jpg\" alt=\"kopf_text\" width=\"206\" height=\"504\" \/><\/a><\/p>\n<\/div>\n<div class=\"csColumnGap\" style=\"margin: 0px; padding: 0px; float: left; width: 2.71%;\"><\/div>\n<div class=\"csColumn\" style=\"margin: 0px; padding: 0px; float: left; width: 61.7%;\" data-csid=\"01e4a328-a55f-28d7-8599-39dc2b8f1bec\" data-cswidth=\"61.7%\" data-csendpoint=\"862.00002921875\" data-csstartpoint=\"269.9999987011719\">\n<p>Geboren 1965 in Freistadt<\/p>\n<p>Aufgewachsen in Asten\/Enns\/Ansfelden, 2002 Heirat mit Rudi Denk,<br \/>\n2005 Hausbau bzw. Umzug nach Kirchberg-Thening, Mutter einer Tochter (geb. 2003)<\/p>\n<p>Viele Jahre arbeitete ich als Sekret\u00e4rin und lernte relativ sp\u00e4t meinen tollen Ehemann<br \/>\nRudi kennen. Als sportbegeistertes Paar genossen wir unsere Zeit und bauten uns ein<br \/>\ngemeinsames zu Hause auf. Tochter Melissa vervollst\u00e4ndigte 2003 unser Gl\u00fcck.<\/p>\n<p>Als mein Mann 2007 v\u00f6llig unerwartet bei einer Bergrettungs\u00fcbung am Warscheneck<br \/>\nt\u00f6dlich verungl\u00fcckte, geriet mein Leben vor\u00fcbergehend aus den Fugen. Existenz- und<br \/>\nVerlust\u00e4ngste, Burnout, Sinnlosigkeit, Verzweiflung und Trauer waren meine t\u00e4glichen<br \/>\nBegleiter. Ich suchte nach M\u00f6glichkeiten, wieder Fu\u00df zu fassen, um mit meiner Tochter<br \/>\nwieder ein normales, gl\u00fcckliches und sinnerf\u00fclltes Leben f\u00fchren zu k\u00f6nnen.<\/p>\n<p>Immer mehr besch\u00e4ftigte ich mich mit Holistic Pulsing und Energetik. Ich selbst nahm<br \/>\nes in Anspruch und war bald schon \u00fcberzeugt vom Erfolg dieser Behandlungen.<\/p>\n<p>Von da an war f\u00fcr mich klar, dass ich es als gro\u00dfes Gl\u00fcck und Bereicherung empfinde,<br \/>\nandere Menschen in \u00e4hnlichen Situationen mit diesen Methoden ein St\u00fcckchen ihres<br \/>\nWeges begleiten zu d\u00fcrfen.<\/p>\n<p><span style=\"color: #008000;\">Ich danke allen<\/span><br \/>\n<span style=\"color: #008000;\"> Ich danke allen, die mich belogen haben;<\/span><br \/>\n<span style=\"color: #008000;\"> Sie haben mir die Kraft der Wahrheit gezeigt.<\/span><br \/>\n<span style=\"color: #008000;\"> Ich danke allen, die nicht an mich geglaubt haben;<\/span><br \/>\n<span style=\"color: #008000;\"> Sie haben mir zugemutet. Berge zu versetzen.<\/span><br \/>\n<span style=\"color: #008000;\"> Ich danke allen, die mich abgeschrieben haben;<\/span><br \/>\n<span style=\"color: #008000;\"> Sie haben meinen Mut geweckt.<\/span><\/p>\n<p><span style=\"color: #008000;\">Ich danke allen, die mich verlassen haben;<\/span><br \/>\n<span style=\"color: #008000;\"> Sie haben mir Raum gegeben f\u00fcr Neues.<\/span><br \/>\n<span style=\"color: #008000;\"> Ich danke allen, die mich verraten und missbraucht haben;<\/span><br \/>\n<span style=\"color: #008000;\"> Sie haben mich wachsam werden lassen<\/span><br \/>\n<span style=\"color: #008000;\"> Ich danke allen, die mich verletzt haben;<\/span><br \/>\n<span style=\"color: #008000;\"> Sie haben mich gelehrt, im Schmerz zu wachsen.<\/span><br \/>\n<span style=\"color: #008000;\"> Ich danke allen, die meinen Frieden gest\u00f6rt haben;<\/span><br \/>\n<span style=\"color: #008000;\"> Sie haben mich stark gemacht, daf\u00fcr einzutreten.<\/span><\/p>\n<p style=\"text-align: left;\"><span style=\"color: #008000;\">Vor allem aber danke ich all jenen,<\/span><br \/>\n<span style=\"color: #008000;\"> die mich lieben, so wie ich bin;<\/span><br \/>\n<span style=\"color: #008000;\"> Sie geben mir die Kraft zum Leben!!!<\/span><\/p>\n<p style=\"text-align: center;\"><span style=\"color: #008000;\">-Paul Coelho<\/span><\/p>\n<\/div>\n<div class=\"csColumnGap\" style=\"margin: 0px; padding: 0px; float: left; width: 10.2%;\"><\/div>\n<div style=\"clear: both; float: none; display: block; visibility: hidden; width: 0px; font-size: 0px; line-height: 0;\"><\/div>\n<\/div>\n<p><br class=\"nc\" \/><br class=\"nc\" \/><br class=\"nc\" \/><br class=\"nc\" \/><br class=\"nc\" \/><br class=\"nc\" \/><br class=\"nc\" \/><\/p>\n","protected":false},"excerpt":{"rendered":"<p>Geboren 1965 in Freistadt Aufgewachsen in Asten\/Enns\/Ansfelden, 2002 Heirat mit Rudi Denk, 2005 Hausbau bzw. Umzug nach Kirchberg-Thening, Mutter einer Tochter (geb. 2003) Viele Jahre arbeitete ich als Sekret\u00e4rin und lernte relativ sp\u00e4t meinen tollen Ehemann Rudi kennen. Als sportbegeistertes Paar genossen wir unsere Zeit und bauten uns ein gemeinsames&#8230;<\/p>\n","protected":false},"author":1,"featured_media":0,"parent":0,"menu_order":0,"comment_status":"closed","ping_status":"open","template":"","meta":{"footnotes":""},"class_list":["post-102","page","type-page","status-publish","hentry"],"_links":{"self":[{"href":"https:\/\/www.sigriddenk.at\/index.php?rest_route=\/wp\/v2\/pages\/102","targetHints":{"allow":["GET"]}}],"collection":[{"href":"https:\/\/www.sigriddenk.at\/index.php?rest_route=\/wp\/v2\/pages"}],"about":[{"href":"https:\/\/www.sigriddenk.at\/index.php?rest_route=\/wp\/v2\/types\/page"}],"author":[{"embeddable":true,"href":"https:\/\/www.sigriddenk.at\/index.php?rest_route=\/wp\/v2\/users\/1"}],"replies":[{"embeddable":true,"href":"https:\/\/www.sigriddenk.at\/index.php?rest_route=%2Fwp%2Fv2%2Fcomments&post=102"}],"version-history":[{"count":6,"href":"https:\/\/www.sigriddenk.at\/index.php?rest_route=\/wp\/v2\/pages\/102\/revisions"}],"predecessor-version":[{"id":147,"href":"https:\/\/www.sigriddenk.at\/index.php?rest_route=\/wp\/v2\/pages\/102\/revisions\/147"}],"wp:attachment":[{"href":"https:\/\/www.sigriddenk.at\/index.php?rest_route=%2Fwp%2Fv2%2Fmedia&parent=102"}],"curies":[{"name":"wp","href":"https:\/\/api.w.org\/{rel}","templated":true}]}}